{"id":4360,"date":"2026-04-01T14:09:59","date_gmt":"2026-04-01T13:09:59","guid":{"rendered":"https:\/\/www.freshpack.fr\/?post_type=product&#038;p=4360"},"modified":"2026-04-01T14:09:59","modified_gmt":"2026-04-01T13:09:59","slug":"frozen-raw-peeled-shrimps-penaeus-vannamei","status":"publish","type":"product","link":"https:\/\/www.freshpack.fr\/en\/produit\/frozen-raw-peeled-shrimps-penaeus-vannamei\/","title":{"rendered":"Frozen Raw Peeled Shrimps \u2013 Penaeus vannamei"},"content":{"rendered":"","protected":false},"excerpt":{"rendered":"<p>Fully peeled and deveined raw shrimps, size 51\/60 per pound, sourced from an integrated supply chain. After defrosting, they can be used like a fresh product and are suitable for a wide range of culinary applications.<br \/>\nSize: 51\/60 per lb.<br \/>\nRaw, frozen product, origin India.<br \/>\nAlso available in raw, blanched or cooked versions depending on references.<\/p>\n","protected":false},"featured_media":5526,"comment_status":"closed","ping_status":"closed","template":"","meta":{"_acf_changed":false,"inline_featured_image":false},"product_brand":[],"product_cat":[132,136],"product_tag":[],"class_list":{"0":"post-4360","1":"product","2":"type-product","3":"status-publish","4":"has-post-thumbnail","6":"product_cat-frozen-seafood","7":"product_cat-shrimps","9":"first","10":"instock","11":"product-type-simple"},"acf":[],"yoast_head":"<!-- This site is optimized with the Yoast SEO plugin v27.3 - https:\/\/yoast.com\/product\/yoast-seo-wordpress\/ -->\n<title>Frozen Raw Peeled Shrimps \u2013 Penaeus vannamei - Freshpack<\/title>\n<meta name=\"robots\" content=\"index, follow, max-snippet:-1, max-image-preview:large, max-video-preview:-1\" \/>\n<link rel=\"canonical\" href=\"https:\/\/www.freshpack.fr\/en\/produit\/frozen-raw-peeled-shrimps-penaeus-vannamei\/\" \/>\n<meta property=\"og:locale\" content=\"en_US\" \/>\n<meta property=\"og:type\" content=\"article\" \/>\n<meta property=\"og:title\" content=\"Frozen Raw Peeled Shrimps \u2013 Penaeus vannamei - Freshpack\" \/>\n<meta property=\"og:description\" content=\"Fully peeled and deveined raw shrimps, size 51\/60 per pound, sourced from an integrated supply chain. After defrosting, they can be used like a fresh product and are suitable for a wide range of culinary applications. Size: 51\/60 per lb. Raw, frozen product, origin India. Also available in raw, blanched or cooked versions depending on references.\" \/>\n<meta property=\"og:url\" content=\"https:\/\/www.freshpack.fr\/en\/produit\/frozen-raw-peeled-shrimps-penaeus-vannamei\/\" \/>\n<meta property=\"og:site_name\" content=\"Freshpack\" \/>\n<meta name=\"twitter:card\" content=\"summary_large_image\" \/>\n<meta name=\"twitter:label1\" content=\"Est. reading time\" \/>\n\t<meta name=\"twitter:data1\" content=\"1 minute\" \/>\n<script type=\"application\/ld+json\" class=\"yoast-schema-graph\">{\"@context\":\"https:\\\/\\\/schema.org\",\"@graph\":[{\"@type\":\"WebPage\",\"@id\":\"https:\\\/\\\/www.freshpack.fr\\\/en\\\/produit\\\/frozen-raw-peeled-shrimps-penaeus-vannamei\\\/\",\"url\":\"https:\\\/\\\/www.freshpack.fr\\\/en\\\/produit\\\/frozen-raw-peeled-shrimps-penaeus-vannamei\\\/\",\"name\":\"Frozen Raw Peeled Shrimps \u2013 Penaeus vannamei - Freshpack\",\"isPartOf\":{\"@id\":\"https:\\\/\\\/www.freshpack.fr\\\/en\\\/#website\"},\"primaryImageOfPage\":{\"@id\":\"https:\\\/\\\/www.freshpack.fr\\\/en\\\/produit\\\/frozen-raw-peeled-shrimps-penaeus-vannamei\\\/#primaryimage\"},\"image\":{\"@id\":\"https:\\\/\\\/www.freshpack.fr\\\/en\\\/produit\\\/frozen-raw-peeled-shrimps-penaeus-vannamei\\\/#primaryimage\"},\"thumbnailUrl\":\"https:\\\/\\\/www.freshpack.fr\\\/wp-content\\\/uploads\\\/2026\\\/04\\\/crevettes-decortiquees-crues-surgelees-Penaeus-vannamei.png\",\"datePublished\":\"2026-04-01T13:09:59+00:00\",\"breadcrumb\":{\"@id\":\"https:\\\/\\\/www.freshpack.fr\\\/en\\\/produit\\\/frozen-raw-peeled-shrimps-penaeus-vannamei\\\/#breadcrumb\"},\"inLanguage\":\"en-US\",\"potentialAction\":[{\"@type\":\"ReadAction\",\"target\":[\"https:\\\/\\\/www.freshpack.fr\\\/en\\\/produit\\\/frozen-raw-peeled-shrimps-penaeus-vannamei\\\/\"]}]},{\"@type\":\"ImageObject\",\"inLanguage\":\"en-US\",\"@id\":\"https:\\\/\\\/www.freshpack.fr\\\/en\\\/produit\\\/frozen-raw-peeled-shrimps-penaeus-vannamei\\\/#primaryimage\",\"url\":\"https:\\\/\\\/www.freshpack.fr\\\/wp-content\\\/uploads\\\/2026\\\/04\\\/crevettes-decortiquees-crues-surgelees-Penaeus-vannamei.png\",\"contentUrl\":\"https:\\\/\\\/www.freshpack.fr\\\/wp-content\\\/uploads\\\/2026\\\/04\\\/crevettes-decortiquees-crues-surgelees-Penaeus-vannamei.png\",\"width\":1254,\"height\":1254,\"caption\":\"crevettes d\u00e9cortiqu\u00e9es crues surgel\u00e9es \u2013 Penaeus vannamei\"},{\"@type\":\"BreadcrumbList\",\"@id\":\"https:\\\/\\\/www.freshpack.fr\\\/en\\\/produit\\\/frozen-raw-peeled-shrimps-penaeus-vannamei\\\/#breadcrumb\",\"itemListElement\":[{\"@type\":\"ListItem\",\"position\":1,\"name\":\"Accueil\",\"item\":\"https:\\\/\\\/www.freshpack.fr\\\/en\\\/\"},{\"@type\":\"ListItem\",\"position\":2,\"name\":\"Our current frozen products\",\"item\":\"https:\\\/\\\/www.freshpack.fr\\\/en\\\/our-current-frozen-products\\\/\"},{\"@type\":\"ListItem\",\"position\":3,\"name\":\"Frozen Raw Peeled Shrimps \u2013 Penaeus vannamei\"}]},{\"@type\":\"WebSite\",\"@id\":\"https:\\\/\\\/www.freshpack.fr\\\/en\\\/#website\",\"url\":\"https:\\\/\\\/www.freshpack.fr\\\/en\\\/\",\"name\":\"Freshpack\",\"description\":\"\",\"publisher\":{\"@id\":\"https:\\\/\\\/www.freshpack.fr\\\/en\\\/#organization\"},\"potentialAction\":[{\"@type\":\"SearchAction\",\"target\":{\"@type\":\"EntryPoint\",\"urlTemplate\":\"https:\\\/\\\/www.freshpack.fr\\\/en\\\/?s={search_term_string}\"},\"query-input\":{\"@type\":\"PropertyValueSpecification\",\"valueRequired\":true,\"valueName\":\"search_term_string\"}}],\"inLanguage\":\"en-US\"},{\"@type\":\"Organization\",\"@id\":\"https:\\\/\\\/www.freshpack.fr\\\/en\\\/#organization\",\"name\":\"Freshpack\",\"url\":\"https:\\\/\\\/www.freshpack.fr\\\/en\\\/\",\"logo\":{\"@type\":\"ImageObject\",\"inLanguage\":\"en-US\",\"@id\":\"https:\\\/\\\/www.freshpack.fr\\\/en\\\/#\\\/schema\\\/logo\\\/image\\\/\",\"url\":\"https:\\\/\\\/www.freshpack.fr\\\/wp-content\\\/uploads\\\/2026\\\/01\\\/FRESHPACK_Poincon-MONOCHROME-BLANC.svg\",\"contentUrl\":\"https:\\\/\\\/www.freshpack.fr\\\/wp-content\\\/uploads\\\/2026\\\/01\\\/FRESHPACK_Poincon-MONOCHROME-BLANC.svg\",\"width\":512,\"height\":512,\"caption\":\"Freshpack\"},\"image\":{\"@id\":\"https:\\\/\\\/www.freshpack.fr\\\/en\\\/#\\\/schema\\\/logo\\\/image\\\/\"}}]}<\/script>\n<!-- \/ Yoast SEO plugin. -->","yoast_head_json":{"title":"Frozen Raw Peeled Shrimps \u2013 Penaeus vannamei - Freshpack","robots":{"index":"index","follow":"follow","max-snippet":"max-snippet:-1","max-image-preview":"max-image-preview:large","max-video-preview":"max-video-preview:-1"},"canonical":"https:\/\/www.freshpack.fr\/en\/produit\/frozen-raw-peeled-shrimps-penaeus-vannamei\/","og_locale":"en_US","og_type":"article","og_title":"Frozen Raw Peeled Shrimps \u2013 Penaeus vannamei - Freshpack","og_description":"Fully peeled and deveined raw shrimps, size 51\/60 per pound, sourced from an integrated supply chain. After defrosting, they can be used like a fresh product and are suitable for a wide range of culinary applications. Size: 51\/60 per lb. Raw, frozen product, origin India. Also available in raw, blanched or cooked versions depending on references.","og_url":"https:\/\/www.freshpack.fr\/en\/produit\/frozen-raw-peeled-shrimps-penaeus-vannamei\/","og_site_name":"Freshpack","twitter_card":"summary_large_image","twitter_misc":{"Est. reading time":"1 minute"},"schema":{"@context":"https:\/\/schema.org","@graph":[{"@type":"WebPage","@id":"https:\/\/www.freshpack.fr\/en\/produit\/frozen-raw-peeled-shrimps-penaeus-vannamei\/","url":"https:\/\/www.freshpack.fr\/en\/produit\/frozen-raw-peeled-shrimps-penaeus-vannamei\/","name":"Frozen Raw Peeled Shrimps \u2013 Penaeus vannamei - Freshpack","isPartOf":{"@id":"https:\/\/www.freshpack.fr\/en\/#website"},"primaryImageOfPage":{"@id":"https:\/\/www.freshpack.fr\/en\/produit\/frozen-raw-peeled-shrimps-penaeus-vannamei\/#primaryimage"},"image":{"@id":"https:\/\/www.freshpack.fr\/en\/produit\/frozen-raw-peeled-shrimps-penaeus-vannamei\/#primaryimage"},"thumbnailUrl":"https:\/\/www.freshpack.fr\/wp-content\/uploads\/2026\/04\/crevettes-decortiquees-crues-surgelees-Penaeus-vannamei.png","datePublished":"2026-04-01T13:09:59+00:00","breadcrumb":{"@id":"https:\/\/www.freshpack.fr\/en\/produit\/frozen-raw-peeled-shrimps-penaeus-vannamei\/#breadcrumb"},"inLanguage":"en-US","potentialAction":[{"@type":"ReadAction","target":["https:\/\/www.freshpack.fr\/en\/produit\/frozen-raw-peeled-shrimps-penaeus-vannamei\/"]}]},{"@type":"ImageObject","inLanguage":"en-US","@id":"https:\/\/www.freshpack.fr\/en\/produit\/frozen-raw-peeled-shrimps-penaeus-vannamei\/#primaryimage","url":"https:\/\/www.freshpack.fr\/wp-content\/uploads\/2026\/04\/crevettes-decortiquees-crues-surgelees-Penaeus-vannamei.png","contentUrl":"https:\/\/www.freshpack.fr\/wp-content\/uploads\/2026\/04\/crevettes-decortiquees-crues-surgelees-Penaeus-vannamei.png","width":1254,"height":1254,"caption":"crevettes d\u00e9cortiqu\u00e9es crues surgel\u00e9es \u2013 Penaeus vannamei"},{"@type":"BreadcrumbList","@id":"https:\/\/www.freshpack.fr\/en\/produit\/frozen-raw-peeled-shrimps-penaeus-vannamei\/#breadcrumb","itemListElement":[{"@type":"ListItem","position":1,"name":"Accueil","item":"https:\/\/www.freshpack.fr\/en\/"},{"@type":"ListItem","position":2,"name":"Our current frozen products","item":"https:\/\/www.freshpack.fr\/en\/our-current-frozen-products\/"},{"@type":"ListItem","position":3,"name":"Frozen Raw Peeled Shrimps \u2013 Penaeus vannamei"}]},{"@type":"WebSite","@id":"https:\/\/www.freshpack.fr\/en\/#website","url":"https:\/\/www.freshpack.fr\/en\/","name":"Freshpack","description":"","publisher":{"@id":"https:\/\/www.freshpack.fr\/en\/#organization"},"potentialAction":[{"@type":"SearchAction","target":{"@type":"EntryPoint","urlTemplate":"https:\/\/www.freshpack.fr\/en\/?s={search_term_string}"},"query-input":{"@type":"PropertyValueSpecification","valueRequired":true,"valueName":"search_term_string"}}],"inLanguage":"en-US"},{"@type":"Organization","@id":"https:\/\/www.freshpack.fr\/en\/#organization","name":"Freshpack","url":"https:\/\/www.freshpack.fr\/en\/","logo":{"@type":"ImageObject","inLanguage":"en-US","@id":"https:\/\/www.freshpack.fr\/en\/#\/schema\/logo\/image\/","url":"https:\/\/www.freshpack.fr\/wp-content\/uploads\/2026\/01\/FRESHPACK_Poincon-MONOCHROME-BLANC.svg","contentUrl":"https:\/\/www.freshpack.fr\/wp-content\/uploads\/2026\/01\/FRESHPACK_Poincon-MONOCHROME-BLANC.svg","width":512,"height":512,"caption":"Freshpack"},"image":{"@id":"https:\/\/www.freshpack.fr\/en\/#\/schema\/logo\/image\/"}}]}},"_links":{"self":[{"href":"https:\/\/www.freshpack.fr\/en\/wp-json\/wp\/v2\/product\/4360","targetHints":{"allow":["GET"]}}],"collection":[{"href":"https:\/\/www.freshpack.fr\/en\/wp-json\/wp\/v2\/product"}],"about":[{"href":"https:\/\/www.freshpack.fr\/en\/wp-json\/wp\/v2\/types\/product"}],"replies":[{"embeddable":true,"href":"https:\/\/www.freshpack.fr\/en\/wp-json\/wp\/v2\/comments?post=4360"}],"wp:featuredmedia":[{"embeddable":true,"href":"https:\/\/www.freshpack.fr\/en\/wp-json\/wp\/v2\/media\/5526"}],"wp:attachment":[{"href":"https:\/\/www.freshpack.fr\/en\/wp-json\/wp\/v2\/media?parent=4360"}],"wp:term":[{"taxonomy":"product_brand","embeddable":true,"href":"https:\/\/www.freshpack.fr\/en\/wp-json\/wp\/v2\/product_brand?post=4360"},{"taxonomy":"product_cat","embeddable":true,"href":"https:\/\/www.freshpack.fr\/en\/wp-json\/wp\/v2\/product_cat?post=4360"},{"taxonomy":"product_tag","embeddable":true,"href":"https:\/\/www.freshpack.fr\/en\/wp-json\/wp\/v2\/product_tag?post=4360"}],"curies":[{"name":"wp","href":"https:\/\/api.w.org\/{rel}","templated":true}]}}