{"id":4845,"date":"2026-04-03T14:45:31","date_gmt":"2026-04-03T13:45:31","guid":{"rendered":"https:\/\/www.freshpack.fr\/produit\/gyozas-aux-crevettes-surgeles-enjoy-by-freshpack-2\/"},"modified":"2026-04-03T15:09:55","modified_gmt":"2026-04-03T14:09:55","slug":"gyozas-aux-crevettes-surgeles-enjoy-by-freshpack-2","status":"publish","type":"product","link":"https:\/\/www.freshpack.fr\/en\/produit\/gyozas-aux-crevettes-surgeles-enjoy-by-freshpack-2\/","title":{"rendered":"Frozen shrimp gyozas &#8211; En&#8217;Joy by Freshpack"},"content":{"rendered":"","protected":false},"excerpt":{"rendered":"<p>D\u00e9licats gyozas aux crevettes, confectionn\u00e9s avec une fine p\u00e2te de bl\u00e9 dor\u00e9e et l\u00e9g\u00e8rement grill\u00e9e, renfermant une farce g\u00e9n\u00e9reuse aux crevettes, choux et ciboule. Alliant moelleux et croustillant, ces bouch\u00e9es vapeur typiquement japonaises offrent un \u00e9quilibre parfait entre authenticit\u00e9 et gourmandise.<br \/>\nId\u00e9al pour des assortiments asiatiques, buffets ou menus \u00e0 th\u00e8me en restauration.<br \/>\nFormat 25 g par pi\u00e8ce, conditionnement 8 pi\u00e8ces, produit surgel\u00e9, pr\u00eat \u00e0 r\u00e9chauffer.<\/p>\n","protected":false},"featured_media":5386,"comment_status":"closed","ping_status":"closed","template":"","meta":{"_acf_changed":false,"inline_featured_image":false},"product_brand":[],"product_cat":[91,167],"product_tag":[],"class_list":{"0":"post-4845","1":"product","2":"type-product","3":"status-publish","4":"has-post-thumbnail","6":"product_cat-frozen-world-cuisine","7":"product_cat-snacks-and-fingerfood","8":"pa_ingredient-principal-shrimps","9":"pa_inspiration-culinaire-japanese","10":"pa_modes-de-rechauffage-frying-pan","11":"pa_modes-de-rechauffage-microwave","12":"pa_modes-de-rechauffage-steaming","14":"first","15":"instock","16":"shipping-taxable","17":"product-type-simple"},"acf":[],"yoast_head":"<!-- This site is optimized with the Yoast SEO plugin v27.3 - https:\/\/yoast.com\/product\/yoast-seo-wordpress\/ -->\n<title>Frozen shrimp gyozas - En&#039;Joy by Freshpack - Freshpack<\/title>\n<meta name=\"robots\" content=\"index, follow, max-snippet:-1, max-image-preview:large, max-video-preview:-1\" \/>\n<link rel=\"canonical\" href=\"https:\/\/www.freshpack.fr\/en\/produit\/gyozas-aux-crevettes-surgeles-enjoy-by-freshpack-2\/\" \/>\n<meta property=\"og:locale\" content=\"en_US\" \/>\n<meta property=\"og:type\" content=\"article\" \/>\n<meta property=\"og:title\" content=\"Frozen shrimp gyozas - En&#039;Joy by Freshpack - Freshpack\" \/>\n<meta property=\"og:description\" content=\"D\u00e9licats gyozas aux crevettes, confectionn\u00e9s avec une fine p\u00e2te de bl\u00e9 dor\u00e9e et l\u00e9g\u00e8rement grill\u00e9e, renfermant une farce g\u00e9n\u00e9reuse aux crevettes, choux et ciboule. Alliant moelleux et croustillant, ces bouch\u00e9es vapeur typiquement japonaises offrent un \u00e9quilibre parfait entre authenticit\u00e9 et gourmandise. Id\u00e9al pour des assortiments asiatiques, buffets ou menus \u00e0 th\u00e8me en restauration. Format 25 g par pi\u00e8ce, conditionnement 8 pi\u00e8ces, produit surgel\u00e9, pr\u00eat \u00e0 r\u00e9chauffer.\" \/>\n<meta property=\"og:url\" content=\"https:\/\/www.freshpack.fr\/en\/produit\/gyozas-aux-crevettes-surgeles-enjoy-by-freshpack-2\/\" \/>\n<meta property=\"og:site_name\" content=\"Freshpack\" \/>\n<meta property=\"article:modified_time\" content=\"2026-04-03T14:09:55+00:00\" \/>\n<meta property=\"og:image\" content=\"https:\/\/www.freshpack.fr\/wp-content\/uploads\/2026\/03\/gyoza-crevette-min-1.jpg\" \/>\n\t<meta property=\"og:image:width\" content=\"1066\" \/>\n\t<meta property=\"og:image:height\" content=\"1600\" \/>\n\t<meta property=\"og:image:type\" content=\"image\/jpeg\" \/>\n<meta name=\"twitter:card\" content=\"summary_large_image\" \/>\n<meta name=\"twitter:label1\" content=\"Est. reading time\" \/>\n\t<meta name=\"twitter:data1\" content=\"1 minute\" \/>\n<script type=\"application\/ld+json\" class=\"yoast-schema-graph\">{\"@context\":\"https:\\\/\\\/schema.org\",\"@graph\":[{\"@type\":\"WebPage\",\"@id\":\"https:\\\/\\\/www.freshpack.fr\\\/en\\\/produit\\\/gyozas-aux-crevettes-surgeles-enjoy-by-freshpack-2\\\/\",\"url\":\"https:\\\/\\\/www.freshpack.fr\\\/en\\\/produit\\\/gyozas-aux-crevettes-surgeles-enjoy-by-freshpack-2\\\/\",\"name\":\"Frozen shrimp gyozas - En'Joy by Freshpack - Freshpack\",\"isPartOf\":{\"@id\":\"https:\\\/\\\/www.freshpack.fr\\\/en\\\/#website\"},\"primaryImageOfPage\":{\"@id\":\"https:\\\/\\\/www.freshpack.fr\\\/en\\\/produit\\\/gyozas-aux-crevettes-surgeles-enjoy-by-freshpack-2\\\/#primaryimage\"},\"image\":{\"@id\":\"https:\\\/\\\/www.freshpack.fr\\\/en\\\/produit\\\/gyozas-aux-crevettes-surgeles-enjoy-by-freshpack-2\\\/#primaryimage\"},\"thumbnailUrl\":\"https:\\\/\\\/www.freshpack.fr\\\/wp-content\\\/uploads\\\/2026\\\/04\\\/Gyoza-aux-crevettes.jpg\",\"datePublished\":\"2026-04-03T13:45:31+00:00\",\"dateModified\":\"2026-04-03T14:09:55+00:00\",\"breadcrumb\":{\"@id\":\"https:\\\/\\\/www.freshpack.fr\\\/en\\\/produit\\\/gyozas-aux-crevettes-surgeles-enjoy-by-freshpack-2\\\/#breadcrumb\"},\"inLanguage\":\"en-US\",\"potentialAction\":[{\"@type\":\"ReadAction\",\"target\":[\"https:\\\/\\\/www.freshpack.fr\\\/en\\\/produit\\\/gyozas-aux-crevettes-surgeles-enjoy-by-freshpack-2\\\/\"]}]},{\"@type\":\"ImageObject\",\"inLanguage\":\"en-US\",\"@id\":\"https:\\\/\\\/www.freshpack.fr\\\/en\\\/produit\\\/gyozas-aux-crevettes-surgeles-enjoy-by-freshpack-2\\\/#primaryimage\",\"url\":\"https:\\\/\\\/www.freshpack.fr\\\/wp-content\\\/uploads\\\/2026\\\/04\\\/Gyoza-aux-crevettes.jpg\",\"contentUrl\":\"https:\\\/\\\/www.freshpack.fr\\\/wp-content\\\/uploads\\\/2026\\\/04\\\/Gyoza-aux-crevettes.jpg\",\"width\":828,\"height\":648},{\"@type\":\"BreadcrumbList\",\"@id\":\"https:\\\/\\\/www.freshpack.fr\\\/en\\\/produit\\\/gyozas-aux-crevettes-surgeles-enjoy-by-freshpack-2\\\/#breadcrumb\",\"itemListElement\":[{\"@type\":\"ListItem\",\"position\":1,\"name\":\"Accueil\",\"item\":\"https:\\\/\\\/www.freshpack.fr\\\/en\\\/\"},{\"@type\":\"ListItem\",\"position\":2,\"name\":\"Our current frozen products\",\"item\":\"https:\\\/\\\/www.freshpack.fr\\\/en\\\/our-current-frozen-products\\\/\"},{\"@type\":\"ListItem\",\"position\":3,\"name\":\"Frozen shrimp gyozas &#8211; En&rsquo;Joy by Freshpack\"}]},{\"@type\":\"WebSite\",\"@id\":\"https:\\\/\\\/www.freshpack.fr\\\/en\\\/#website\",\"url\":\"https:\\\/\\\/www.freshpack.fr\\\/en\\\/\",\"name\":\"Freshpack\",\"description\":\"\",\"publisher\":{\"@id\":\"https:\\\/\\\/www.freshpack.fr\\\/en\\\/#organization\"},\"potentialAction\":[{\"@type\":\"SearchAction\",\"target\":{\"@type\":\"EntryPoint\",\"urlTemplate\":\"https:\\\/\\\/www.freshpack.fr\\\/en\\\/?s={search_term_string}\"},\"query-input\":{\"@type\":\"PropertyValueSpecification\",\"valueRequired\":true,\"valueName\":\"search_term_string\"}}],\"inLanguage\":\"en-US\"},{\"@type\":\"Organization\",\"@id\":\"https:\\\/\\\/www.freshpack.fr\\\/en\\\/#organization\",\"name\":\"Freshpack\",\"url\":\"https:\\\/\\\/www.freshpack.fr\\\/en\\\/\",\"logo\":{\"@type\":\"ImageObject\",\"inLanguage\":\"en-US\",\"@id\":\"https:\\\/\\\/www.freshpack.fr\\\/en\\\/#\\\/schema\\\/logo\\\/image\\\/\",\"url\":\"https:\\\/\\\/www.freshpack.fr\\\/wp-content\\\/uploads\\\/2026\\\/01\\\/FRESHPACK_Poincon-MONOCHROME-BLANC.svg\",\"contentUrl\":\"https:\\\/\\\/www.freshpack.fr\\\/wp-content\\\/uploads\\\/2026\\\/01\\\/FRESHPACK_Poincon-MONOCHROME-BLANC.svg\",\"width\":512,\"height\":512,\"caption\":\"Freshpack\"},\"image\":{\"@id\":\"https:\\\/\\\/www.freshpack.fr\\\/en\\\/#\\\/schema\\\/logo\\\/image\\\/\"}}]}<\/script>\n<!-- \/ Yoast SEO plugin. -->","yoast_head_json":{"title":"Frozen shrimp gyozas - En'Joy by Freshpack - Freshpack","robots":{"index":"index","follow":"follow","max-snippet":"max-snippet:-1","max-image-preview":"max-image-preview:large","max-video-preview":"max-video-preview:-1"},"canonical":"https:\/\/www.freshpack.fr\/en\/produit\/gyozas-aux-crevettes-surgeles-enjoy-by-freshpack-2\/","og_locale":"en_US","og_type":"article","og_title":"Frozen shrimp gyozas - En'Joy by Freshpack - Freshpack","og_description":"D\u00e9licats gyozas aux crevettes, confectionn\u00e9s avec une fine p\u00e2te de bl\u00e9 dor\u00e9e et l\u00e9g\u00e8rement grill\u00e9e, renfermant une farce g\u00e9n\u00e9reuse aux crevettes, choux et ciboule. Alliant moelleux et croustillant, ces bouch\u00e9es vapeur typiquement japonaises offrent un \u00e9quilibre parfait entre authenticit\u00e9 et gourmandise. Id\u00e9al pour des assortiments asiatiques, buffets ou menus \u00e0 th\u00e8me en restauration. Format 25 g par pi\u00e8ce, conditionnement 8 pi\u00e8ces, produit surgel\u00e9, pr\u00eat \u00e0 r\u00e9chauffer.","og_url":"https:\/\/www.freshpack.fr\/en\/produit\/gyozas-aux-crevettes-surgeles-enjoy-by-freshpack-2\/","og_site_name":"Freshpack","article_modified_time":"2026-04-03T14:09:55+00:00","og_image":[{"width":1066,"height":1600,"url":"https:\/\/www.freshpack.fr\/wp-content\/uploads\/2026\/03\/gyoza-crevette-min-1.jpg","type":"image\/jpeg"}],"twitter_card":"summary_large_image","twitter_misc":{"Est. reading time":"1 minute"},"schema":{"@context":"https:\/\/schema.org","@graph":[{"@type":"WebPage","@id":"https:\/\/www.freshpack.fr\/en\/produit\/gyozas-aux-crevettes-surgeles-enjoy-by-freshpack-2\/","url":"https:\/\/www.freshpack.fr\/en\/produit\/gyozas-aux-crevettes-surgeles-enjoy-by-freshpack-2\/","name":"Frozen shrimp gyozas - En'Joy by Freshpack - Freshpack","isPartOf":{"@id":"https:\/\/www.freshpack.fr\/en\/#website"},"primaryImageOfPage":{"@id":"https:\/\/www.freshpack.fr\/en\/produit\/gyozas-aux-crevettes-surgeles-enjoy-by-freshpack-2\/#primaryimage"},"image":{"@id":"https:\/\/www.freshpack.fr\/en\/produit\/gyozas-aux-crevettes-surgeles-enjoy-by-freshpack-2\/#primaryimage"},"thumbnailUrl":"https:\/\/www.freshpack.fr\/wp-content\/uploads\/2026\/04\/Gyoza-aux-crevettes.jpg","datePublished":"2026-04-03T13:45:31+00:00","dateModified":"2026-04-03T14:09:55+00:00","breadcrumb":{"@id":"https:\/\/www.freshpack.fr\/en\/produit\/gyozas-aux-crevettes-surgeles-enjoy-by-freshpack-2\/#breadcrumb"},"inLanguage":"en-US","potentialAction":[{"@type":"ReadAction","target":["https:\/\/www.freshpack.fr\/en\/produit\/gyozas-aux-crevettes-surgeles-enjoy-by-freshpack-2\/"]}]},{"@type":"ImageObject","inLanguage":"en-US","@id":"https:\/\/www.freshpack.fr\/en\/produit\/gyozas-aux-crevettes-surgeles-enjoy-by-freshpack-2\/#primaryimage","url":"https:\/\/www.freshpack.fr\/wp-content\/uploads\/2026\/04\/Gyoza-aux-crevettes.jpg","contentUrl":"https:\/\/www.freshpack.fr\/wp-content\/uploads\/2026\/04\/Gyoza-aux-crevettes.jpg","width":828,"height":648},{"@type":"BreadcrumbList","@id":"https:\/\/www.freshpack.fr\/en\/produit\/gyozas-aux-crevettes-surgeles-enjoy-by-freshpack-2\/#breadcrumb","itemListElement":[{"@type":"ListItem","position":1,"name":"Accueil","item":"https:\/\/www.freshpack.fr\/en\/"},{"@type":"ListItem","position":2,"name":"Our current frozen products","item":"https:\/\/www.freshpack.fr\/en\/our-current-frozen-products\/"},{"@type":"ListItem","position":3,"name":"Frozen shrimp gyozas &#8211; En&rsquo;Joy by Freshpack"}]},{"@type":"WebSite","@id":"https:\/\/www.freshpack.fr\/en\/#website","url":"https:\/\/www.freshpack.fr\/en\/","name":"Freshpack","description":"","publisher":{"@id":"https:\/\/www.freshpack.fr\/en\/#organization"},"potentialAction":[{"@type":"SearchAction","target":{"@type":"EntryPoint","urlTemplate":"https:\/\/www.freshpack.fr\/en\/?s={search_term_string}"},"query-input":{"@type":"PropertyValueSpecification","valueRequired":true,"valueName":"search_term_string"}}],"inLanguage":"en-US"},{"@type":"Organization","@id":"https:\/\/www.freshpack.fr\/en\/#organization","name":"Freshpack","url":"https:\/\/www.freshpack.fr\/en\/","logo":{"@type":"ImageObject","inLanguage":"en-US","@id":"https:\/\/www.freshpack.fr\/en\/#\/schema\/logo\/image\/","url":"https:\/\/www.freshpack.fr\/wp-content\/uploads\/2026\/01\/FRESHPACK_Poincon-MONOCHROME-BLANC.svg","contentUrl":"https:\/\/www.freshpack.fr\/wp-content\/uploads\/2026\/01\/FRESHPACK_Poincon-MONOCHROME-BLANC.svg","width":512,"height":512,"caption":"Freshpack"},"image":{"@id":"https:\/\/www.freshpack.fr\/en\/#\/schema\/logo\/image\/"}}]}},"_links":{"self":[{"href":"https:\/\/www.freshpack.fr\/en\/wp-json\/wp\/v2\/product\/4845","targetHints":{"allow":["GET"]}}],"collection":[{"href":"https:\/\/www.freshpack.fr\/en\/wp-json\/wp\/v2\/product"}],"about":[{"href":"https:\/\/www.freshpack.fr\/en\/wp-json\/wp\/v2\/types\/product"}],"replies":[{"embeddable":true,"href":"https:\/\/www.freshpack.fr\/en\/wp-json\/wp\/v2\/comments?post=4845"}],"wp:featuredmedia":[{"embeddable":true,"href":"https:\/\/www.freshpack.fr\/en\/wp-json\/wp\/v2\/media\/5386"}],"wp:attachment":[{"href":"https:\/\/www.freshpack.fr\/en\/wp-json\/wp\/v2\/media?parent=4845"}],"wp:term":[{"taxonomy":"product_brand","embeddable":true,"href":"https:\/\/www.freshpack.fr\/en\/wp-json\/wp\/v2\/product_brand?post=4845"},{"taxonomy":"product_cat","embeddable":true,"href":"https:\/\/www.freshpack.fr\/en\/wp-json\/wp\/v2\/product_cat?post=4845"},{"taxonomy":"product_tag","embeddable":true,"href":"https:\/\/www.freshpack.fr\/en\/wp-json\/wp\/v2\/product_tag?post=4845"}],"curies":[{"name":"wp","href":"https:\/\/api.w.org\/{rel}","templated":true}]}}